{"id":111,"date":"2023-12-21T16:29:14","date_gmt":"2023-12-21T15:29:14","guid":{"rendered":"https:\/\/aenis-ame.fr\/index.php\/blog\/"},"modified":"2025-06-04T16:03:37","modified_gmt":"2025-06-04T14:03:37","slug":"accueil","status":"publish","type":"page","link":"https:\/\/aenis-ame.fr\/","title":{"rendered":"Accueil"},"content":{"rendered":"\n\n\n\n\n\n\n\n","protected":false},"excerpt":{"rendered":"","protected":false},"author":1,"featured_media":113,"parent":0,"menu_order":0,"comment_status":"closed","ping_status":"closed","template":"","meta":{"saved_in_kubio":true,"footnotes":""},"class_list":["post-111","page","type-page","status-publish","has-post-thumbnail","hentry"],"yoast_head":"<!-- This site is optimized with the Yoast SEO plugin v26.4 - https:\/\/yoast.com\/wordpress\/plugins\/seo\/ -->\n<title>Accueil - A\u00e9nis-\u00c2me | Acupuncture et M\u00e9decine traditionnelle chinoise en Guadeloupe<\/title>\n<meta name=\"description\" content=\"D\u00e9couvrez les bienfaits de la m\u00e9decine chinoise \u00e0 travers l&#039;acupuncture, les soins \u00e9nerg\u00e9tiques et un accompagnement personnalis\u00e9.\" \/>\n<meta name=\"robots\" content=\"index, follow, max-snippet:-1, max-image-preview:large, max-video-preview:-1\" \/>\n<link rel=\"canonical\" href=\"https:\/\/aenis-ame.fr\/\" \/>\n<meta property=\"og:locale\" content=\"fr_FR\" \/>\n<meta property=\"og:type\" content=\"article\" \/>\n<meta property=\"og:title\" content=\"Accueil - A\u00e9nis-\u00c2me | Acupuncture et M\u00e9decine traditionnelle chinoise en Guadeloupe\" \/>\n<meta property=\"og:description\" content=\"D\u00e9couvrez les bienfaits de la m\u00e9decine chinoise \u00e0 travers l&#039;acupuncture, les soins \u00e9nerg\u00e9tiques et un accompagnement personnalis\u00e9.\" \/>\n<meta property=\"og:url\" content=\"https:\/\/aenis-ame.fr\/\" \/>\n<meta property=\"og:site_name\" content=\"A\u00e9nis-\u00c2me | Acupuncture et M\u00e9decine traditionnelle chinoise en Guadeloupe\" \/>\n<meta property=\"article:modified_time\" content=\"2025-06-04T14:03:37+00:00\" \/>\n<meta property=\"og:image\" content=\"http:\/\/aenis-ame.fr\/wp-content\/uploads\/2023\/12\/zoltan-tasi-vHnVtLK8rCc-unsplash-scaled.jpg\" \/>\n\t<meta property=\"og:image:width\" content=\"2560\" \/>\n\t<meta property=\"og:image:height\" content=\"1664\" \/>\n\t<meta property=\"og:image:type\" content=\"image\/jpeg\" \/>\n<meta name=\"twitter:card\" content=\"summary_large_image\" \/>\n<meta name=\"twitter:label1\" content=\"Dur\u00e9e de lecture estim\u00e9e\" \/>\n\t<meta name=\"twitter:data1\" content=\"4 minutes\" \/>\n<script type=\"application\/ld+json\" class=\"yoast-schema-graph\">{\"@context\":\"https:\/\/schema.org\",\"@graph\":[{\"@type\":\"WebPage\",\"@id\":\"https:\/\/aenis-ame.fr\/\",\"url\":\"https:\/\/aenis-ame.fr\/\",\"name\":\"Accueil - A\u00e9nis-\u00c2me | Acupuncture et M\u00e9decine traditionnelle chinoise en Guadeloupe\",\"isPartOf\":{\"@id\":\"https:\/\/aenis-ame.fr\/#website\"},\"primaryImageOfPage\":{\"@id\":\"https:\/\/aenis-ame.fr\/#primaryimage\"},\"image\":{\"@id\":\"https:\/\/aenis-ame.fr\/#primaryimage\"},\"thumbnailUrl\":\"https:\/\/aenis-ame.fr\/wp-content\/uploads\/2023\/12\/zoltan-tasi-vHnVtLK8rCc-unsplash-scaled.jpg\",\"datePublished\":\"2023-12-21T15:29:14+00:00\",\"dateModified\":\"2025-06-04T14:03:37+00:00\",\"description\":\"D\u00e9couvrez les bienfaits de la m\u00e9decine chinoise \u00e0 travers l'acupuncture, les soins \u00e9nerg\u00e9tiques et un accompagnement personnalis\u00e9.\",\"breadcrumb\":{\"@id\":\"https:\/\/aenis-ame.fr\/#breadcrumb\"},\"inLanguage\":\"fr-FR\",\"potentialAction\":[{\"@type\":\"ReadAction\",\"target\":[\"https:\/\/aenis-ame.fr\/\"]}]},{\"@type\":\"ImageObject\",\"inLanguage\":\"fr-FR\",\"@id\":\"https:\/\/aenis-ame.fr\/#primaryimage\",\"url\":\"https:\/\/aenis-ame.fr\/wp-content\/uploads\/2023\/12\/zoltan-tasi-vHnVtLK8rCc-unsplash-scaled.jpg\",\"contentUrl\":\"https:\/\/aenis-ame.fr\/wp-content\/uploads\/2023\/12\/zoltan-tasi-vHnVtLK8rCc-unsplash-scaled.jpg\",\"width\":2560,\"height\":1664},{\"@type\":\"BreadcrumbList\",\"@id\":\"https:\/\/aenis-ame.fr\/#breadcrumb\",\"itemListElement\":[{\"@type\":\"ListItem\",\"position\":1,\"name\":\"Accueil\",\"item\":\"https:\/\/aenis-ame.fr\/\"},{\"@type\":\"ListItem\",\"position\":2,\"name\":\"Accueil\"}]},{\"@type\":\"WebSite\",\"@id\":\"https:\/\/aenis-ame.fr\/#website\",\"url\":\"https:\/\/aenis-ame.fr\/\",\"name\":\"aenis-ame.fr\",\"description\":\"\",\"publisher\":{\"@id\":\"https:\/\/aenis-ame.fr\/#organization\"},\"potentialAction\":[{\"@type\":\"SearchAction\",\"target\":{\"@type\":\"EntryPoint\",\"urlTemplate\":\"https:\/\/aenis-ame.fr\/?s={search_term_string}\"},\"query-input\":{\"@type\":\"PropertyValueSpecification\",\"valueRequired\":true,\"valueName\":\"search_term_string\"}}],\"inLanguage\":\"fr-FR\"},{\"@type\":\"Organization\",\"@id\":\"https:\/\/aenis-ame.fr\/#organization\",\"name\":\"Aenis-ame\",\"url\":\"https:\/\/aenis-ame.fr\/\",\"logo\":{\"@type\":\"ImageObject\",\"inLanguage\":\"fr-FR\",\"@id\":\"https:\/\/aenis-ame.fr\/#\/schema\/logo\/image\/\",\"url\":\"\",\"contentUrl\":\"\",\"caption\":\"Aenis-ame\"},\"image\":{\"@id\":\"https:\/\/aenis-ame.fr\/#\/schema\/logo\/image\/\"}}]}<\/script>\n<!-- \/ Yoast SEO plugin. -->","yoast_head_json":{"title":"Accueil - A\u00e9nis-\u00c2me | Acupuncture et M\u00e9decine traditionnelle chinoise en Guadeloupe","description":"D\u00e9couvrez les bienfaits de la m\u00e9decine chinoise \u00e0 travers l'acupuncture, les soins \u00e9nerg\u00e9tiques et un accompagnement personnalis\u00e9.","robots":{"index":"index","follow":"follow","max-snippet":"max-snippet:-1","max-image-preview":"max-image-preview:large","max-video-preview":"max-video-preview:-1"},"canonical":"https:\/\/aenis-ame.fr\/","og_locale":"fr_FR","og_type":"article","og_title":"Accueil - A\u00e9nis-\u00c2me | Acupuncture et M\u00e9decine traditionnelle chinoise en Guadeloupe","og_description":"D\u00e9couvrez les bienfaits de la m\u00e9decine chinoise \u00e0 travers l'acupuncture, les soins \u00e9nerg\u00e9tiques et un accompagnement personnalis\u00e9.","og_url":"https:\/\/aenis-ame.fr\/","og_site_name":"A\u00e9nis-\u00c2me | Acupuncture et M\u00e9decine traditionnelle chinoise en Guadeloupe","article_modified_time":"2025-06-04T14:03:37+00:00","og_image":[{"width":2560,"height":1664,"url":"http:\/\/aenis-ame.fr\/wp-content\/uploads\/2023\/12\/zoltan-tasi-vHnVtLK8rCc-unsplash-scaled.jpg","type":"image\/jpeg"}],"twitter_card":"summary_large_image","twitter_misc":{"Dur\u00e9e de lecture estim\u00e9e":"4 minutes"},"schema":{"@context":"https:\/\/schema.org","@graph":[{"@type":"WebPage","@id":"https:\/\/aenis-ame.fr\/","url":"https:\/\/aenis-ame.fr\/","name":"Accueil - A\u00e9nis-\u00c2me | Acupuncture et M\u00e9decine traditionnelle chinoise en Guadeloupe","isPartOf":{"@id":"https:\/\/aenis-ame.fr\/#website"},"primaryImageOfPage":{"@id":"https:\/\/aenis-ame.fr\/#primaryimage"},"image":{"@id":"https:\/\/aenis-ame.fr\/#primaryimage"},"thumbnailUrl":"https:\/\/aenis-ame.fr\/wp-content\/uploads\/2023\/12\/zoltan-tasi-vHnVtLK8rCc-unsplash-scaled.jpg","datePublished":"2023-12-21T15:29:14+00:00","dateModified":"2025-06-04T14:03:37+00:00","description":"D\u00e9couvrez les bienfaits de la m\u00e9decine chinoise \u00e0 travers l'acupuncture, les soins \u00e9nerg\u00e9tiques et un accompagnement personnalis\u00e9.","breadcrumb":{"@id":"https:\/\/aenis-ame.fr\/#breadcrumb"},"inLanguage":"fr-FR","potentialAction":[{"@type":"ReadAction","target":["https:\/\/aenis-ame.fr\/"]}]},{"@type":"ImageObject","inLanguage":"fr-FR","@id":"https:\/\/aenis-ame.fr\/#primaryimage","url":"https:\/\/aenis-ame.fr\/wp-content\/uploads\/2023\/12\/zoltan-tasi-vHnVtLK8rCc-unsplash-scaled.jpg","contentUrl":"https:\/\/aenis-ame.fr\/wp-content\/uploads\/2023\/12\/zoltan-tasi-vHnVtLK8rCc-unsplash-scaled.jpg","width":2560,"height":1664},{"@type":"BreadcrumbList","@id":"https:\/\/aenis-ame.fr\/#breadcrumb","itemListElement":[{"@type":"ListItem","position":1,"name":"Accueil","item":"https:\/\/aenis-ame.fr\/"},{"@type":"ListItem","position":2,"name":"Accueil"}]},{"@type":"WebSite","@id":"https:\/\/aenis-ame.fr\/#website","url":"https:\/\/aenis-ame.fr\/","name":"aenis-ame.fr","description":"","publisher":{"@id":"https:\/\/aenis-ame.fr\/#organization"},"potentialAction":[{"@type":"SearchAction","target":{"@type":"EntryPoint","urlTemplate":"https:\/\/aenis-ame.fr\/?s={search_term_string}"},"query-input":{"@type":"PropertyValueSpecification","valueRequired":true,"valueName":"search_term_string"}}],"inLanguage":"fr-FR"},{"@type":"Organization","@id":"https:\/\/aenis-ame.fr\/#organization","name":"Aenis-ame","url":"https:\/\/aenis-ame.fr\/","logo":{"@type":"ImageObject","inLanguage":"fr-FR","@id":"https:\/\/aenis-ame.fr\/#\/schema\/logo\/image\/","url":"","contentUrl":"","caption":"Aenis-ame"},"image":{"@id":"https:\/\/aenis-ame.fr\/#\/schema\/logo\/image\/"}}]}},"kubio_ai_page_context":{"short_desc":"","purpose":"general"},"_links":{"self":[{"href":"https:\/\/aenis-ame.fr\/index.php\/wp-json\/wp\/v2\/pages\/111","targetHints":{"allow":["GET"]}}],"collection":[{"href":"https:\/\/aenis-ame.fr\/index.php\/wp-json\/wp\/v2\/pages"}],"about":[{"href":"https:\/\/aenis-ame.fr\/index.php\/wp-json\/wp\/v2\/types\/page"}],"author":[{"embeddable":true,"href":"https:\/\/aenis-ame.fr\/index.php\/wp-json\/wp\/v2\/users\/1"}],"replies":[{"embeddable":true,"href":"https:\/\/aenis-ame.fr\/index.php\/wp-json\/wp\/v2\/comments?post=111"}],"version-history":[{"count":28,"href":"https:\/\/aenis-ame.fr\/index.php\/wp-json\/wp\/v2\/pages\/111\/revisions"}],"predecessor-version":[{"id":302,"href":"https:\/\/aenis-ame.fr\/index.php\/wp-json\/wp\/v2\/pages\/111\/revisions\/302"}],"wp:featuredmedia":[{"embeddable":true,"href":"https:\/\/aenis-ame.fr\/index.php\/wp-json\/wp\/v2\/media\/113"}],"wp:attachment":[{"href":"https:\/\/aenis-ame.fr\/index.php\/wp-json\/wp\/v2\/media?parent=111"}],"curies":[{"name":"wp","href":"https:\/\/api.w.org\/{rel}","templated":true}]}}